{"id":2759,"date":"2021-01-07T04:14:15","date_gmt":"2021-01-07T03:14:15","guid":{"rendered":"https:\/\/2021.gsl-lienen.de\/?page_id=2759"},"modified":"2024-07-05T12:22:06","modified_gmt":"2024-07-05T10:22:06","slug":"careers","status":"publish","type":"page","link":"https:\/\/www.gsl-lienen.de\/en\/careers\/","title":{"rendered":"Careers"},"content":{"rendered":"<div class=\"lazyblock-gsl-modul-header-startseite-2gdEI6 wp-block-lazyblock-gsl-modul-header-startseite\">\n\n<div class=\"w100 header-slider\">\n  \n <img decoding=\"async\" class=\"logo\" src=\"\/wp-content\/themes\/gsl\/images\/logo.png\" draggable=\"false\" \/>\n\n\t<img decoding=\"async\" id=\"toggle\" src=\"\/wp-content\/themes\/gsl\/images\/toggle.svg\"><\/img>\n \n  <img decoding=\"async\" class=\"prev\" src=\"\/wp-content\/themes\/gsl\/images\/prev.svg\" draggable=\"false\" \/>\n  <img decoding=\"async\" class=\"next\" src=\"\/wp-content\/themes\/gsl\/images\/next.svg\" draggable=\"false\" \/>\n  \n  <div class=\"chat-wrap\">\n    <img decoding=\"async\" class=\"chat-img\" src=\"\/wp-content\/themes\/gsl\/images\/chat.svg\" draggable=\"false\" \/>\n    <p>Chat<\/p>\n  <\/div>\n  \n  <div class=\"contact-wrap\">\n    <img decoding=\"async\" class=\"contact-img\" src=\"\/wp-content\/themes\/gsl\/images\/contact.svg\" draggable=\"false\" \/>\n    \n    <p>Kontakt<\/p>\n  <\/div>\n  \n  \n<div class=\"flexslider\">\n <ul class=\"slides\">\n\n\n<div class=\"lazyblock-gsl-slide-sATPu wp-block-lazyblock-gsl-slide\"><li><div class=\"hcenter-exact\"><div class=\"title-overlay\">GSL cast products \u2013<br\/>Career<\/div><\/div><img decoding=\"async\" src=\"https:\/\/www.gsl-lienen.de\/wp-content\/uploads\/2020\/07\/GussStahl-Lienen-kontakt-karriere-scaled.jpg\"\/><\/li><\/div>\n\n<\/ul>\n<\/div>\n<\/div>\n\n<style type=\"text\/css\"> .next{display:none;} .prev{display:none;} <\/style><\/div>\n\n<div class=\"lazyblock-gsl-breadcrumb-ZdlMyY wp-block-lazyblock-gsl-breadcrumb\"><div class=\"w100\" id=\"breadcrumb-container\">\n    <p>GussStahl Lienen &gt;&nbsp;Contact > Careers<\/p>\n<\/div><\/div>\n\n<div class=\"lazyblock-gsl-modul-text-188ArE wp-block-lazyblock-gsl-modul-text\"><div class=\"cont-wrap\"><div class=\"hcent\"><h1>What makes<\/h1><h2 class=\"gsl-h2-subtitle\">GSL a great employer<\/h2><div class=\"smallhr\"><\/div><\/div><div class=\"textcenter-wrap\"><\/div><\/div><div class=\"textcontainer\"><\/div><\/div>\n\n<div class=\"lazyblock-gsl-modul-verfahren-korr-ZJCPTE wp-block-lazyblock-gsl-modul-verfahren-korr\"><div class=\"cont-wrap\"><div class=\"w100 verfahren-wrap\"><div class=\"w10\"><p>&nbsp;<\/p><\/div><div class=\"w38\"><p class=\"w100\">GussStahl Lienen is a company with tradition spanning five decades at its site in Lienen. As such, our reputation as a\u00a0<strong>popular employer<\/strong>\u00a0is well established in both our region and beyond. Our employees not only appreciate\u00a0<strong>being part of a solid team<\/strong>, but also value the<br><strong>future-proof<\/strong>\u00a0nature of our company and the\u00a0<strong>varied working environment<\/strong>\u00a0we offer.<br><br><br>We invest continuously in our company and in the advancement of our employees, for example, with our\u00a0<strong>tailor-made advanced training programmes<\/strong>. The extraordinarily\u00a0<strong>long service records<\/strong>\u00a0of our staff speak for themselves \u2013 and for the\u00a0<strong>excellent working atmosphere<\/strong>\u00a0at GSL.<br><br><br>Would you like to join our team? We look forward to receiving your application \u2013 be it speculative or for one of our\u00a0<strong>advertised vacancies<\/strong>.<br><br><br><br><br><\/p><\/div><div class=\"w4\"><p>&nbsp;<\/p><\/div><div class=\"w48 bggrey verfahren-content\"><h3 class=\"w100 tcenter\">Working at GSL \u2013<\/h3>\n<div class=\"lazyblock-gsl-fetter-text-ZFPjyM wp-block-lazyblock-gsl-fetter-text\"><p class=\"boldtext\">The benefits for you:<\/p><\/div>\n\n<div class=\"lazyblock-gsl-liste-1YxLaD wp-block-lazyblock-gsl-liste\"><ul>\n<div class=\"lazyblock-gsl-listenaufzahlung-250Rep wp-block-lazyblock-gsl-listenaufzahlung\"><li>Varied tasks<\/li><\/div>\n\n<div class=\"lazyblock-gsl-listenaufzahlung-Njfc5 wp-block-lazyblock-gsl-listenaufzahlung\"><li>Independent work<\/li><\/div>\n\n<div class=\"lazyblock-gsl-listenaufzahlung-Z2k44U wp-block-lazyblock-gsl-listenaufzahlung\"><li>Individual support, e.g. through advanced training<\/li><\/div>\n\n<div class=\"lazyblock-gsl-listenaufzahlung-Z2qITIK wp-block-lazyblock-gsl-listenaufzahlung\"><li>Pleasant, friendly and professional working environment<\/li><\/div>\n\n<div class=\"lazyblock-gsl-listenaufzahlung-QL8gq wp-block-lazyblock-gsl-listenaufzahlung\"><li>Culture of open communication<\/li><\/div>\n\n<div class=\"lazyblock-gsl-listenaufzahlung-1JvDCI wp-block-lazyblock-gsl-listenaufzahlung\"><li>Minimal change within the workforce<\/li><\/div>\n\n<div class=\"lazyblock-gsl-listenaufzahlung-Z2s4dFO wp-block-lazyblock-gsl-listenaufzahlung\"><li>Performance-based remuneration with holiday pay and Christmas bonus<\/li><\/div>\n\n<div class=\"lazyblock-gsl-listenaufzahlung-ZpfMzE wp-block-lazyblock-gsl-listenaufzahlung\"><li>Modern office and production facilities<\/li><\/div>\n\n<div class=\"lazyblock-gsl-listenaufzahlung-ZqQhM0 wp-block-lazyblock-gsl-listenaufzahlung\"><li>Short decision-making processes<\/li><\/div>\n\n<div class=\"lazyblock-gsl-listenaufzahlung-ZMG7MB wp-block-lazyblock-gsl-listenaufzahlung\"><li>Future-proof jobs in a company with 50 years of experience<\/li><\/div>\n\n<div class=\"lazyblock-gsl-listenaufzahlung-Z2tewag wp-block-lazyblock-gsl-listenaufzahlung\"><li>Responsible employer, committed to its employees, region, environment and society<\/li><\/div>\n<\/ul><\/div>\n<\/div><\/div><\/div><\/div>\n\n<div class=\"lazyblock-gsl-modul-text-ZKYSMA wp-block-lazyblock-gsl-modul-text\"><div class=\"cont-wrap\"><div class=\"hcent\"><h1>Working at GSL<\/h1><h2 class=\"gsl-h2-subtitle\">Job opportunities for professionals and entry-level candidates<\/h2><div class=\"smallhr\"><\/div><\/div><div class=\"textcenter-wrap\"><p class=\"w100 tcenter\">All of our company&#8217;s current vacancies can be found on this page.<br\/>\nRalf Meyring will be happy to answer any queries you may have \u2013 call him on +49 (0)5483 7454-12 or email him at: <a href=\"mailto:r.meyring@gsl-lienen.de\">r.meyring@gsl-lienen.de.<\/a>.<br\/>\n<br\/>\nWe look forward to hearing from you!<\/p><\/div><\/div><div class=\"textcontainer\"><\/div><\/div>\n\n<div class=\"lazyblock-gsl-trennlinie-29cN4C wp-block-lazyblock-gsl-trennlinie\"><div class=\"hrcontent\"><\/div><\/div>\n\n<div class=\"lazyblock-gsl-modul-werkstoffe-Z26T5fL wp-block-lazyblock-gsl-modul-werkstoffe\"><div class=\"cont-wrap\"><div class=\"w100 werkstoffe-wrap\"><div class=\"w10\"><p>&nbsp;<\/p><\/div><div class=\"w38\"><p class=\"w100\"><strong>Gie\u00dfereimechaniker Handformguss (m\/w\/d)<\/strong><br><br>Sie passen gut zu uns, wenn Sie sich mit folgenden Aufgaben auskennen<br><br>&#8211; Zusammenstellung von Modelleinrichtungen<br>&#8211; Zurichtung von Formen und Kernen<br>&#8211; Formstoffpr\u00fcfung<br>&#8211; Manuelle Herstellung von Gie\u00dfformen in Formk\u00e4sten<br>&#8211; Abguss und Entleerung der Formen<br>&#8211; Sicherung der Qualit\u00e4t der Gussst\u00fccke durch Probenahme und Pr\u00fcfung<br><br>Idealerweise haben Sie eine Ausbildung als Gie\u00dfereimechaniker Handformguss erfolgreich abgeschlossen<br>oder eine andere vergleichbare Qualifikation vorzuweisen. Erste Berufserfahrung im Gie\u00dfereibereich sowie<br>eine eigenverantwortliche Arbeitsweise runden Ihr Profil ab. Gerne unterst\u00fctzen wir Sie bei der<br>Einarbeitung mit umfangreichen Weiterbildungsma\u00dfnahmen.<br><br>Sie sind an einer vielseitigen und spannenden Aufgabe in einem kollegialen Team interessiert? Dann freuen<br>wir uns auf Ihre Bewerbung unter <a href=\"mailto:bewerbung@gsl-lienen.de\">bewerbung@gsl-lienen.de<\/a>.<\/p><\/div><div class=\"w4\"><p>&nbsp;<\/p><\/div><div class=\"w48\"><img decoding=\"async\" src=\"https:\/\/www.gsl-lienen.de\/wp-content\/uploads\/2023\/09\/GussStahl-Lienen-leistungen-gussteil-rueckkau-teaser.jpg\" class=\"w100\" \/><\/div><\/div><\/div><\/div>\n\n<div class=\"lazyblock-gsl-modul-werkstoffe-OcLF4 wp-block-lazyblock-gsl-modul-werkstoffe\"><div class=\"cont-wrap\"><div class=\"w100 werkstoffe-wrap\"><div class=\"w10\"><p>&nbsp;<\/p><\/div><div class=\"w38\"><p class=\"w100\"><strong><strong>Apprentice foundry mechanic, specialising in hand mould casting<\/strong><\/strong><br><br>Find interesting information about the apprenticeship at GSL in the\u00a0<a href=\"https:\/\/www.gsl-lienen.de\/wp-content\/uploads\/2024\/07\/Ausschreibung-II-Ausbildungsplatz-2025-Giessereimechaniker_2024-06-18.pdf\">job profile<\/a>, in the\u00a0<a href=\"https:\/\/www.gsl-lienen.de\/wp-content\/uploads\/2021\/09\/Powergussbroschuere.pdf\" target=\"_blank\" rel=\"noreferrer noopener\">Powerguss brochure<\/a>\u00a0and at\u00a0<a href=\"http:\/\/www.powerguss.de\/\" target=\"_blank\" rel=\"noreferrer noopener\">www.powerguss.de<\/a>.<br><br>For more details or a personal chat, get in touch with Ralf Meyring by phone on\u00a0<strong>+49 (0)5483 7454-12<\/strong>\u00a0or by e-mail at:\u00a0<a href=\"mailto:r.meyring@gsl-lienen.de\" target=\"_blank\" rel=\"noreferrer noopener\">r.meyring@gsl-lienen.de<\/a>.<br>We are also happy to offer you the opportunity to get to know us as part of a work placement or holiday job!<\/p><\/div><div class=\"w4\"><p>&nbsp;<\/p><\/div><div class=\"w48\"><img decoding=\"async\" src=\"https:\/\/www.gsl-lienen.de\/wp-content\/uploads\/2020\/05\/GussStahl-Lienen-leistungen-lost-foam.jpg\" class=\"w100\" \/><\/div><\/div><\/div><\/div>\n\n<div class=\"lazyblock-gsl-trennlinie-ZrEKzl wp-block-lazyblock-gsl-trennlinie\"><div class=\"hrcontent\"><\/div><\/div>\n\n<div class=\"lazyblock-gsl-modul-werkstoffe-2ry51Q wp-block-lazyblock-gsl-modul-werkstoffe\"><div class=\"cont-wrap\"><div class=\"w100 werkstoffe-wrap\"><div class=\"w10\"><p>&nbsp;<\/p><\/div><div class=\"w38\"><p class=\"w100\">\u00a0<br>We are looking for an independent\u00a0<strong>sales partner<\/strong>\u00a0to expand our sales activities in Sweden, France, Spain and Italy.<br><br>We can offer extensive market potential to trading companies with their own sales force or sales representatives.<br>Good contacts to our main customer sectors as well as knowledge in casting consulting are an advantage.<br>For more details, get in touch with Ralf Meyring by phone\u00a0<strong>on +49\u00a0(0)5483\u00a07454-12<\/strong>\u00a0or by e-mail at:\u00a0<a rel=\"noreferrer noopener\" href=\"mailto:r.meyring@gsl-lienen.de\" target=\"_blank\">r.meyring@gsl-lienen.de<\/a>.<br><br><\/p><\/div><div class=\"w4\"><p>&nbsp;<\/p><\/div><div class=\"w48\"><img decoding=\"async\" src=\"https:\/\/www.gsl-lienen.de\/wp-content\/uploads\/2022\/03\/2594_GussStahl_Lienen_Feb_2020.jpg\" class=\"w100\" \/><\/div><\/div><\/div><\/div>\n\n<div class=\"lazyblock-gsl-trennlinie-Z2hcC1V wp-block-lazyblock-gsl-trennlinie\"><div class=\"hrcontent\"><\/div><\/div>\n\n<div class=\"lazyblock-gsl-modul-ansprechpartner-2kchoO wp-block-lazyblock-gsl-modul-ansprechpartner\"><div class=\"w100 ansprechpartner-wrap bgblue\"><div class=\"cont-wrap\"><h2 class=\"w100 tcenter\">Your direct contact.<\/h2><p class=\"w100 tcenter mt20\">We are always at your service. Simply give us a call.<\/p><div class=\"w100 mt50\"><div class=\"centerh\">\n<div class=\"lazyblock-gsl-ansprechpartner-1gOIg7 wp-block-lazyblock-gsl-ansprechpartner\"><div class=\"ansprechpartner-content\"><div class=\"w42\"><img decoding=\"async\" class=\"w100\" src=\"https:\/\/www.gsl-lienen.de\/wp-content\/uploads\/2020\/03\/GussStahl-Lienen-ap-meyring.jpg\" \/><\/div><div class=\"w8\"><p>&nbsp;<\/p><\/div><div class=\"w42\"><p class=\"w100 boldtext\">Ralf Meyring<\/p><p class=\"w100\">Commercial Manager<\/p><a class=\"button-outline mt30\" href=\"tel:+49 5483 7454-12\">+49 5483 7454-12<\/a><a class=\"button-outline\" href=\"mailto:r.meyring@gsl-lienen.de\">r.meyring@gsl-lienen.de<\/a><\/div><\/div><\/div>\n<\/div><\/div><\/div><\/div><\/div>","protected":false},"excerpt":{"rendered":"","protected":false},"author":2,"featured_media":0,"parent":0,"menu_order":31,"comment_status":"closed","ping_status":"closed","template":"","meta":{"_acf_changed":false,"footnotes":""},"class_list":["post-2759","page","type-page","status-publish","hentry"],"acf":[],"_links":{"self":[{"href":"https:\/\/www.gsl-lienen.de\/en\/wp-json\/wp\/v2\/pages\/2759","targetHints":{"allow":["GET"]}}],"collection":[{"href":"https:\/\/www.gsl-lienen.de\/en\/wp-json\/wp\/v2\/pages"}],"about":[{"href":"https:\/\/www.gsl-lienen.de\/en\/wp-json\/wp\/v2\/types\/page"}],"author":[{"embeddable":true,"href":"https:\/\/www.gsl-lienen.de\/en\/wp-json\/wp\/v2\/users\/2"}],"replies":[{"embeddable":true,"href":"https:\/\/www.gsl-lienen.de\/en\/wp-json\/wp\/v2\/comments?post=2759"}],"version-history":[{"count":21,"href":"https:\/\/www.gsl-lienen.de\/en\/wp-json\/wp\/v2\/pages\/2759\/revisions"}],"predecessor-version":[{"id":3504,"href":"https:\/\/www.gsl-lienen.de\/en\/wp-json\/wp\/v2\/pages\/2759\/revisions\/3504"}],"wp:attachment":[{"href":"https:\/\/www.gsl-lienen.de\/en\/wp-json\/wp\/v2\/media?parent=2759"}],"curies":[{"name":"wp","href":"https:\/\/api.w.org\/{rel}","templated":true}]}}